{"id":7267,"date":"2025-02-27T16:15:21","date_gmt":"2025-02-27T21:15:21","guid":{"rendered":"https:\/\/dumoulinpm.com\/care-tips-2\/"},"modified":"2025-02-27T22:53:27","modified_gmt":"2025-02-28T03:53:27","slug":"care-tips","status":"publish","type":"page","link":"https:\/\/dumoulinpm.com\/fr\/care-tips\/","title":{"rendered":"Conseils d'entretien"},"content":{"rendered":"<div data-elementor-type=\"wp-page\" data-elementor-id=\"7267\" class=\"elementor elementor-7267\" data-elementor-post-type=\"page\">\n\t\t\t\t\t\t<section class=\"elementor-section elementor-top-section elementor-element elementor-element-2ba75a9c elementor-hidden-phone elementor-section-boxed elementor-section-height-default elementor-section-height-default\" data-id=\"2ba75a9c\" data-element_type=\"section\">\n\t\t\t\t\t\t<div class=\"elementor-container elementor-column-gap-no\">\n\t\t\t\t\t<div class=\"elementor-column elementor-col-100 elementor-top-column elementor-element elementor-element-3df452a7\" data-id=\"3df452a7\" data-element_type=\"column\">\n\t\t\t<div class=\"elementor-widget-wrap elementor-element-populated\">\n\t\t\t\t\t\t<div class=\"vamtam-has-theme-widget-styles elementor-element elementor-element-20f4ff33 elementor-grid-1 elementor-posts--thumbnail-right elementor-grid-tablet-1 elementor-grid-mobile-1 elementor-invisible elementor-widget elementor-widget-posts\" data-id=\"20f4ff33\" data-element_type=\"widget\" data-settings=\"{&quot;classic_columns&quot;:&quot;1&quot;,&quot;classic_columns_tablet&quot;:&quot;1&quot;,&quot;_animation&quot;:&quot;fadeIn&quot;,&quot;classic_columns_mobile&quot;:&quot;1&quot;,&quot;classic_row_gap&quot;:{&quot;unit&quot;:&quot;px&quot;,&quot;size&quot;:35,&quot;sizes&quot;:[]},&quot;classic_row_gap_tablet&quot;:{&quot;unit&quot;:&quot;px&quot;,&quot;size&quot;:&quot;&quot;,&quot;sizes&quot;:[]},&quot;classic_row_gap_mobile&quot;:{&quot;unit&quot;:&quot;px&quot;,&quot;size&quot;:&quot;&quot;,&quot;sizes&quot;:[]}}\" data-widget_type=\"posts.classic\">\n\t\t\t\t<div class=\"elementor-widget-container\">\n\t\t\t\t\t\t\t<div class=\"elementor-posts-container elementor-posts elementor-posts--skin-classic elementor-grid\">\n\t\t\t\t<article class=\"elementor-post elementor-grid-item post-8001 post type-post status-publish format-standard has-post-thumbnail hentry category-maintenance tag-wipers-headlight-restoration\">\n\t\t\t\t<a class=\"elementor-post__thumbnail__link\" href=\"https:\/\/dumoulinpm.com\/fr\/how-us-tariffs-are-driving-up-vehicle-and-parts-prices-in-canada\/\" tabindex=\"-1\" >\n\t\t\t<div class=\"elementor-post__thumbnail\"><img fetchpriority=\"high\" decoding=\"async\" width=\"792\" height=\"946\" src=\"https:\/\/dumoulinpm.com\/wp-content\/uploads\/2025\/02\/konrad-bednarek-4JTZeqD1sBY-unsplash-1.jpg\" class=\"attachment-full size-full wp-image-7163\" alt=\"\" srcset=\"https:\/\/dumoulinpm.com\/wp-content\/uploads\/2025\/02\/konrad-bednarek-4JTZeqD1sBY-unsplash-1.jpg 792w, https:\/\/dumoulinpm.com\/wp-content\/uploads\/2025\/02\/konrad-bednarek-4JTZeqD1sBY-unsplash-1-630x753.jpg 630w, https:\/\/dumoulinpm.com\/wp-content\/uploads\/2025\/02\/konrad-bednarek-4JTZeqD1sBY-unsplash-1-251x300.jpg 251w, https:\/\/dumoulinpm.com\/wp-content\/uploads\/2025\/02\/konrad-bednarek-4JTZeqD1sBY-unsplash-1-768x917.jpg 768w\" sizes=\"(max-width: 792px) 100vw, 792px\" \/><\/div>\n\t\t<\/a>\n\t\t\t\t<div class=\"elementor-post__text\">\n\t\t\t\t<h3 class=\"elementor-post__title\">\n\t\t\t<a href=\"https:\/\/dumoulinpm.com\/fr\/how-us-tariffs-are-driving-up-vehicle-and-parts-prices-in-canada\/\" >\n\t\t\t\tComment les tarifs douaniers am\u00e9ricains font grimper les prix des v\u00e9hicules et des pi\u00e8ces d\u00e9tach\u00e9es au Canada\t\t\t<\/a>\n\t\t<\/h3>\n\t\t\t\t<div class=\"elementor-post__meta-data\">\n\t\t\t\t\t<span class=\"elementor-post-date\">\n\t\t\t2 avril 2025\t\t<\/span>\n\t\t\t\t<\/div>\n\t\t\t\t<div class=\"elementor-post__excerpt\">\n\t\t\t<p>L'industrie automobile est depuis longtemps une pierre angulaire de l'\u00e9conomie nord-am\u00e9ricaine int\u00e9gr\u00e9e, avec des cha\u00eenes d'approvisionnement qui s'\u00e9tendent parfaitement au-del\u00e0 des fronti\u00e8res.<\/p>\n\t\t<\/div>\n\t\t\n\t\t<a class=\"elementor-post__read-more\" href=\"https:\/\/dumoulinpm.com\/fr\/how-us-tariffs-are-driving-up-vehicle-and-parts-prices-in-canada\/\" aria-label=\"En savoir plus sur la fa\u00e7on dont les tarifs douaniers am\u00e9ricains font grimper les prix des v\u00e9hicules et des pi\u00e8ces d\u00e9tach\u00e9es au Canada\" tabindex=\"-1\" >\n\t\t\tLire la suite\t\t<\/a>\n\n\t\t\t\t<\/div>\n\t\t\t\t<\/article>\n\t\t\t\t<\/div>\n\t\t\n\t\t\t\t\t\t<\/div>\n\t\t\t\t<\/div>\n\t\t\t\t\t<\/div>\n\t\t<\/div>\n\t\t\t\t\t<\/div>\n\t\t<\/section>\n\t\t\t\t<section class=\"elementor-section elementor-top-section elementor-element elementor-element-50bce108 elementor-section-boxed elementor-section-height-default elementor-section-height-default\" data-id=\"50bce108\" data-element_type=\"section\">\n\t\t\t\t\t\t<div class=\"elementor-container elementor-column-gap-no\">\n\t\t\t\t\t<div class=\"elementor-column elementor-col-100 elementor-top-column elementor-element elementor-element-268b4ee8\" data-id=\"268b4ee8\" data-element_type=\"column\">\n\t\t\t<div class=\"elementor-widget-wrap elementor-element-populated\">\n\t\t\t\t\t\t<div class=\"vamtam-has-theme-widget-styles elementor-element elementor-element-769ca4f6 elementor-grid-tablet-3 elementor-grid-3 elementor-grid-mobile-1 elementor-posts--thumbnail-top elementor-widget elementor-widget-posts\" data-id=\"769ca4f6\" data-element_type=\"widget\" data-settings=\"{&quot;classic_row_gap&quot;:{&quot;unit&quot;:&quot;px&quot;,&quot;size&quot;:60,&quot;sizes&quot;:[]},&quot;classic_columns_tablet&quot;:&quot;3&quot;,&quot;_animation&quot;:&quot;none&quot;,&quot;_animation_delay&quot;:200,&quot;classic_columns&quot;:&quot;3&quot;,&quot;classic_columns_mobile&quot;:&quot;1&quot;,&quot;classic_row_gap_tablet&quot;:{&quot;unit&quot;:&quot;px&quot;,&quot;size&quot;:&quot;&quot;,&quot;sizes&quot;:[]},&quot;classic_row_gap_mobile&quot;:{&quot;unit&quot;:&quot;px&quot;,&quot;size&quot;:&quot;&quot;,&quot;sizes&quot;:[]}}\" data-widget_type=\"posts.classic\">\n\t\t\t\t<div class=\"elementor-widget-container\">\n\t\t\t\t\t\t\t<div class=\"elementor-posts-container elementor-posts elementor-posts--skin-classic elementor-grid\">\n\t\t\t\t<article class=\"elementor-post elementor-grid-item post-7155 post type-post status-publish format-standard has-post-thumbnail hentry category-uto-service tag-winter-car-service\">\n\t\t\t\t<a class=\"elementor-post__thumbnail__link\" href=\"https:\/\/dumoulinpm.com\/fr\/the-biggest-wintertime-myth-that-you-need-to-idle-your-car-before-driving-2\/\" tabindex=\"-1\" >\n\t\t\t<div class=\"elementor-post__thumbnail\"><img decoding=\"async\" width=\"792\" height=\"946\" src=\"https:\/\/dumoulinpm.com\/wp-content\/uploads\/2025\/02\/michel-grolet-A7ELt0Dz44o-unsplash-1.jpg\" class=\"attachment-full size-full wp-image-7158\" alt=\"\" srcset=\"https:\/\/dumoulinpm.com\/wp-content\/uploads\/2025\/02\/michel-grolet-A7ELt0Dz44o-unsplash-1.jpg 792w, https:\/\/dumoulinpm.com\/wp-content\/uploads\/2025\/02\/michel-grolet-A7ELt0Dz44o-unsplash-1-630x753.jpg 630w, https:\/\/dumoulinpm.com\/wp-content\/uploads\/2025\/02\/michel-grolet-A7ELt0Dz44o-unsplash-1-251x300.jpg 251w, https:\/\/dumoulinpm.com\/wp-content\/uploads\/2025\/02\/michel-grolet-A7ELt0Dz44o-unsplash-1-768x917.jpg 768w\" sizes=\"(max-width: 792px) 100vw, 792px\" \/><\/div>\n\t\t<\/a>\n\t\t\t\t<div class=\"elementor-post__text\">\n\t\t\t\t<h3 class=\"elementor-post__title\">\n\t\t\t<a href=\"https:\/\/dumoulinpm.com\/fr\/the-biggest-wintertime-myth-that-you-need-to-idle-your-car-before-driving-2\/\" >\n\t\t\t\tLe plus grand mythe de l'hiver : la n\u00e9cessit\u00e9 de faire tourner le moteur au ralenti avant de prendre la route\t\t\t<\/a>\n\t\t<\/h3>\n\t\t\t\t<div class=\"elementor-post__meta-data\">\n\t\t\t\t\t<span class=\"elementor-post-date\">\n\t\t\t27 f\u00e9vrier 2025\t\t<\/span>\n\t\t\t\t<\/div>\n\t\t\t\t<div class=\"elementor-post__excerpt\">\n\t\t\t<p>Les automobilistes croient souvent qu'ils doivent laisser leur voiture chauffer pendant plusieurs minutes avant de prendre la route. <\/p>\n\t\t<\/div>\n\t\t\n\t\t<a class=\"elementor-post__read-more\" href=\"https:\/\/dumoulinpm.com\/fr\/the-biggest-wintertime-myth-that-you-need-to-idle-your-car-before-driving-2\/\" aria-label=\"Plus d&#039;informations sur Le plus grand mythe de l&#039;hiver : la n\u00e9cessit\u00e9 de faire tourner le moteur au ralenti avant de prendre la route\" tabindex=\"-1\" >\n\t\t\tLire la suite\t\t<\/a>\n\n\t\t\t\t<\/div>\n\t\t\t\t<\/article>\n\t\t\t\t<article class=\"elementor-post elementor-grid-item post-7150 post type-post status-publish format-standard has-post-thumbnail hentry category-cars tag-maintenance\">\n\t\t\t\t<a class=\"elementor-post__thumbnail__link\" href=\"https:\/\/dumoulinpm.com\/fr\/your-brakes-and-why-preventive-maintenance-helps-2\/\" tabindex=\"-1\" >\n\t\t\t<div class=\"elementor-post__thumbnail\"><img decoding=\"async\" width=\"792\" height=\"946\" src=\"https:\/\/dumoulinpm.com\/wp-content\/uploads\/2025\/02\/josh-vuong-oT8PoVG1pmQ-unsplash-1.jpg\" class=\"attachment-full size-full wp-image-7153\" alt=\"\" srcset=\"https:\/\/dumoulinpm.com\/wp-content\/uploads\/2025\/02\/josh-vuong-oT8PoVG1pmQ-unsplash-1.jpg 792w, https:\/\/dumoulinpm.com\/wp-content\/uploads\/2025\/02\/josh-vuong-oT8PoVG1pmQ-unsplash-1-630x753.jpg 630w, https:\/\/dumoulinpm.com\/wp-content\/uploads\/2025\/02\/josh-vuong-oT8PoVG1pmQ-unsplash-1-251x300.jpg 251w, https:\/\/dumoulinpm.com\/wp-content\/uploads\/2025\/02\/josh-vuong-oT8PoVG1pmQ-unsplash-1-768x917.jpg 768w\" sizes=\"(max-width: 792px) 100vw, 792px\" \/><\/div>\n\t\t<\/a>\n\t\t\t\t<div class=\"elementor-post__text\">\n\t\t\t\t<h3 class=\"elementor-post__title\">\n\t\t\t<a href=\"https:\/\/dumoulinpm.com\/fr\/your-brakes-and-why-preventive-maintenance-helps-2\/\" >\n\t\t\t\tVos freins et l'utilit\u00e9 de l'entretien pr\u00e9ventif\t\t\t<\/a>\n\t\t<\/h3>\n\t\t\t\t<div class=\"elementor-post__meta-data\">\n\t\t\t\t\t<span class=\"elementor-post-date\">\n\t\t\t27 f\u00e9vrier 2025\t\t<\/span>\n\t\t\t\t<\/div>\n\t\t\t\t<div class=\"elementor-post__excerpt\">\n\t\t\t<p>Les freins sont un \u00e9l\u00e9ment majeur de tout v\u00e9hicule fonctionnel et il est important de les contr\u00f4ler \u00e0 tout moment. <\/p>\n\t\t<\/div>\n\t\t\n\t\t<a class=\"elementor-post__read-more\" href=\"https:\/\/dumoulinpm.com\/fr\/your-brakes-and-why-preventive-maintenance-helps-2\/\" aria-label=\"En savoir plus sur Vos freins et l&#039;utilit\u00e9 de l&#039;entretien pr\u00e9ventif\" tabindex=\"-1\" >\n\t\t\tLire la suite\t\t<\/a>\n\n\t\t\t\t<\/div>\n\t\t\t\t<\/article>\n\t\t\t\t<article class=\"elementor-post elementor-grid-item post-7145 post type-post status-publish format-standard has-post-thumbnail hentry category-uto-service tag-vehicle-lights\">\n\t\t\t\t<a class=\"elementor-post__thumbnail__link\" href=\"https:\/\/dumoulinpm.com\/fr\/why-are-my-headlights-foggy-2\/\" tabindex=\"-1\" >\n\t\t\t<div class=\"elementor-post__thumbnail\"><img loading=\"lazy\" decoding=\"async\" width=\"792\" height=\"946\" src=\"https:\/\/dumoulinpm.com\/wp-content\/uploads\/2025\/02\/erik-mclean-FCuHUZxjBIU-unsplash-2.jpg\" class=\"attachment-full size-full wp-image-7148\" alt=\"\" srcset=\"https:\/\/dumoulinpm.com\/wp-content\/uploads\/2025\/02\/erik-mclean-FCuHUZxjBIU-unsplash-2.jpg 792w, https:\/\/dumoulinpm.com\/wp-content\/uploads\/2025\/02\/erik-mclean-FCuHUZxjBIU-unsplash-2-630x753.jpg 630w, https:\/\/dumoulinpm.com\/wp-content\/uploads\/2025\/02\/erik-mclean-FCuHUZxjBIU-unsplash-2-251x300.jpg 251w, https:\/\/dumoulinpm.com\/wp-content\/uploads\/2025\/02\/erik-mclean-FCuHUZxjBIU-unsplash-2-768x917.jpg 768w\" sizes=\"(max-width: 792px) 100vw, 792px\" \/><\/div>\n\t\t<\/a>\n\t\t\t\t<div class=\"elementor-post__text\">\n\t\t\t\t<h3 class=\"elementor-post__title\">\n\t\t\t<a href=\"https:\/\/dumoulinpm.com\/fr\/why-are-my-headlights-foggy-2\/\" >\n\t\t\t\tPourquoi mes phares sont-ils embu\u00e9s ?\t\t\t<\/a>\n\t\t<\/h3>\n\t\t\t\t<div class=\"elementor-post__meta-data\">\n\t\t\t\t\t<span class=\"elementor-post-date\">\n\t\t\t27 f\u00e9vrier 2025\t\t<\/span>\n\t\t\t\t<\/div>\n\t\t\t\t<div class=\"elementor-post__excerpt\">\n\t\t\t<p>Vous avez des difficult\u00e9s \u00e0 voir la route devant vous la nuit ou vous vous inqui\u00e9tez de votre visibilit\u00e9 pour les autres conducteurs ? <\/p>\n\t\t<\/div>\n\t\t\n\t\t<a class=\"elementor-post__read-more\" href=\"https:\/\/dumoulinpm.com\/fr\/why-are-my-headlights-foggy-2\/\" aria-label=\"Plus d&#039;informations sur Pourquoi mes phares sont-ils embu\u00e9s ?\" tabindex=\"-1\" >\n\t\t\tLire la suite\t\t<\/a>\n\n\t\t\t\t<\/div>\n\t\t\t\t<\/article>\n\t\t\t\t<\/div>\n\t\t\n\t\t\t\t\t\t<\/div>\n\t\t\t\t<\/div>\n\t\t\t\t\t<\/div>\n\t\t<\/div>\n\t\t\t\t\t<\/div>\n\t\t<\/section>\n\t\t\t\t<section class=\"elementor-section elementor-top-section elementor-element elementor-element-7e9e95e2 elementor-section-boxed elementor-section-height-default elementor-section-height-default\" data-id=\"7e9e95e2\" data-element_type=\"section\" data-settings=\"{&quot;background_background&quot;:&quot;classic&quot;}\">\n\t\t\t\t\t\t<div class=\"elementor-container elementor-column-gap-no\">\n\t\t\t\t\t<div class=\"elementor-column elementor-col-100 elementor-top-column elementor-element elementor-element-106d1a0b\" data-id=\"106d1a0b\" data-element_type=\"column\">\n\t\t\t<div class=\"elementor-widget-wrap elementor-element-populated\">\n\t\t\t\t\t\t\t<\/div>\n\t\t<\/div>\n\t\t\t\t\t<\/div>\n\t\t<\/section>\n\t\t\t\t<\/div>","protected":false},"excerpt":{"rendered":"","protected":false},"author":4,"featured_media":0,"parent":0,"menu_order":48,"comment_status":"closed","ping_status":"closed","template":"","meta":{"inline_featured_image":false,"_monsterinsights_skip_tracking":false,"_monsterinsights_sitenote_active":false,"_monsterinsights_sitenote_note":"","_monsterinsights_sitenote_category":0,"footnotes":""},"class_list":["post-7267","page","type-page","status-publish","hentry"],"_links":{"self":[{"href":"https:\/\/dumoulinpm.com\/fr\/wp-json\/wp\/v2\/pages\/7267","targetHints":{"allow":["GET"]}}],"collection":[{"href":"https:\/\/dumoulinpm.com\/fr\/wp-json\/wp\/v2\/pages"}],"about":[{"href":"https:\/\/dumoulinpm.com\/fr\/wp-json\/wp\/v2\/types\/page"}],"author":[{"embeddable":true,"href":"https:\/\/dumoulinpm.com\/fr\/wp-json\/wp\/v2\/users\/4"}],"replies":[{"embeddable":true,"href":"https:\/\/dumoulinpm.com\/fr\/wp-json\/wp\/v2\/comments?post=7267"}],"version-history":[{"count":4,"href":"https:\/\/dumoulinpm.com\/fr\/wp-json\/wp\/v2\/pages\/7267\/revisions"}],"predecessor-version":[{"id":7537,"href":"https:\/\/dumoulinpm.com\/fr\/wp-json\/wp\/v2\/pages\/7267\/revisions\/7537"}],"wp:attachment":[{"href":"https:\/\/dumoulinpm.com\/fr\/wp-json\/wp\/v2\/media?parent=7267"}],"curies":[{"name":"wp","href":"https:\/\/api.w.org\/{rel}","templated":true}]}}