{"id":6277,"date":"2025-02-18T14:49:03","date_gmt":"2025-02-18T19:49:03","guid":{"rendered":"https:\/\/dumoulinpm.com\/?post_type=product&#038;p=6277"},"modified":"2025-03-08T19:17:16","modified_gmt":"2025-03-09T00:17:16","slug":"diehard-gold-battery-group-size-35-640-cca","status":"publish","type":"product","link":"https:\/\/dumoulinpm.com\/fr\/produit\/diehard-gold-battery-group-size-35-640-cca\/","title":{"rendered":"Batterie DieHard Gold, taille de groupe 35, 640 CCA"},"content":{"rendered":"<div class=\"vgblk-rw-wrapper limit-wrapper\">Num\u00e9ro de pi\u00e8ce 35-2<br \/>\nD\u00e9tails de la garantie (3 ans de remplacement gratuit)<\/p>\n<p>DieHard Gold batteries are engineered for maximum starting power in any climate. That means you can relax knowing you&#8217;ll get your car started, even on the coldest or hottest of days. DieHard Gold automotive batteries meet or exceed the manufacturer&#8217;s power (CCA) and reserve capacity requirements for your vehicle, ensuring you get the power you need for a quick start every time. DieHard Gold batteries are engineered with Stamped Grid technology, which is a stronger and more durable positive grid. If you are looking for more power, upgrade to the DieHard Platinum.Don&#8217;t want to bother with installing your new DieHard battery? Stop by your nearest Advance Auto Parts store and take advantage of our FREE battery testing and installation on most vehicles and at most locations. We offer free battery and electrical system testing and free recycling of your old automotive battery. Advance Auto Parts offers helpful advice about a variety of products, including car batteries. Be sure to check out the following:<\/p>\n<p>Comment choisir la meilleure batterie de voiture<br \/>\nComment tester une batterie de voiture<br \/>\nComment remplacer la batterie de votre voiture<br \/>\nCommandez d\u00e8s aujourd'hui votre batterie de remplacement pour v\u00e9hicule DieHard. Profitez d'une puissance de d\u00e9marrage fiable sans entretien \u00e0 chaque saison.<\/p><\/div>\n<p><!-- .vgblk-rw-wrapper --><\/p>","protected":false},"excerpt":{"rendered":"<p>Les batteries DieHard Gold sont con\u00e7ues pour offrir une puissance de d\u00e9marrage maximale, quel que soit le climat. Cela signifie que vous pouvez vous d\u00e9tendre en sachant que vous ferez d\u00e9marrer votre voiture, m\u00eame par les jours les plus froids ou les plus chauds. Les batteries automobiles DieHard Gold respectent ou d\u00e9passent les exigences du fabricant en mati\u00e8re de puissance (CCA) et de capacit\u00e9 de r\u00e9serve pour votre v\u00e9hicule, ce qui vous garantit la puissance dont vous avez besoin pour un d\u00e9marrage rapide \u00e0 chaque fois.<br \/>\nVous pouvez acheter ce produit ici : <a href=\"https:\/\/shop.advanceautoparts.com\/\" rel=\"noopener\">Advance Autoparts<\/a><\/p>","protected":false},"featured_media":6295,"comment_status":"closed","ping_status":"closed","template":"","meta":{"inline_featured_image":false,"_monsterinsights_skip_tracking":false,"_monsterinsights_sitenote_active":false,"_monsterinsights_sitenote_note":"","_monsterinsights_sitenote_category":0},"product_brand":[],"product_cat":[58,59],"product_tag":[60],"class_list":{"0":"post-6277","1":"product","2":"type-product","3":"status-publish","4":"has-post-thumbnail","6":"product_cat-car-batteries","7":"product_cat-top-rated","8":"product_tag-battery","10":"first","11":"instock","12":"shipping-taxable","13":"purchasable","14":"product-type-simple"},"_links":{"self":[{"href":"https:\/\/dumoulinpm.com\/fr\/wp-json\/wp\/v2\/product\/6277","targetHints":{"allow":["GET"]}}],"collection":[{"href":"https:\/\/dumoulinpm.com\/fr\/wp-json\/wp\/v2\/product"}],"about":[{"href":"https:\/\/dumoulinpm.com\/fr\/wp-json\/wp\/v2\/types\/product"}],"replies":[{"embeddable":true,"href":"https:\/\/dumoulinpm.com\/fr\/wp-json\/wp\/v2\/comments?post=6277"}],"wp:featuredmedia":[{"embeddable":true,"href":"https:\/\/dumoulinpm.com\/fr\/wp-json\/wp\/v2\/media\/6295"}],"wp:attachment":[{"href":"https:\/\/dumoulinpm.com\/fr\/wp-json\/wp\/v2\/media?parent=6277"}],"wp:term":[{"taxonomy":"product_brand","embeddable":true,"href":"https:\/\/dumoulinpm.com\/fr\/wp-json\/wp\/v2\/product_brand?post=6277"},{"taxonomy":"product_cat","embeddable":true,"href":"https:\/\/dumoulinpm.com\/fr\/wp-json\/wp\/v2\/product_cat?post=6277"},{"taxonomy":"product_tag","embeddable":true,"href":"https:\/\/dumoulinpm.com\/fr\/wp-json\/wp\/v2\/product_tag?post=6277"}],"curies":[{"name":"wp","href":"https:\/\/api.w.org\/{rel}","templated":true}]}}