{"id":7853,"date":"2025-03-03T20:14:51","date_gmt":"2025-03-04T01:14:51","guid":{"rendered":"https:\/\/dumoulinpm.com\/?post_type=product&#038;p=7853"},"modified":"2025-03-18T12:48:09","modified_gmt":"2025-03-18T16:48:09","slug":"alignement","status":"publish","type":"product","link":"https:\/\/dumoulinpm.com\/fr\/produit\/alignement\/","title":{"rendered":"Offre exclusive en ligne : Alignement de roues - $99.95"},"content":{"rendered":"","protected":false},"excerpt":{"rendered":"<p data-start=\"704\" data-end=\"867\">\ud83d\ude97 <strong data-start=\"707\" data-end=\"732\">Prix sp\u00e9cial en ligne !<\/strong> Faites appel \u00e0 un professionnel <strong data-start=\"752\" data-end=\"771\">alignement des roues<\/strong> pour seulement <strong data-start=\"781\" data-end=\"791\">$99.95<\/strong>, disponible <strong data-start=\"824\" data-end=\"839\">exclusivement<\/strong> lorsque vous achetez en ligne.<\/p>\n<p data-start=\"869\" data-end=\"1048\">\ud83d\udccc <strong data-start=\"872\" data-end=\"889\">Comment cela fonctionne?<\/strong><br data-start=\"889\" data-end=\"892\" \/>1\ufe0f\u20e3 <strong data-start=\"896\" data-end=\"921\">Acheter cette offre en ligne<\/strong> - <strong>bloquer le prix promotionnel<\/strong><br data-start=\"947\" data-end=\"950\" \/>2\ufe0f\u20e3 <strong data-start=\"954\" data-end=\"986\">Recevez votre bon d'achat num\u00e9rique<\/strong> <strong>par courriel<\/strong><br data-start=\"996\" data-end=\"999\" \/>3\ufe0f\u20e3 <strong data-start=\"1003\" data-end=\"1046\">Prenez rendez-vous et \u00e9changez-le en magasin<\/strong><\/p>\n<p data-start=\"1050\" data-end=\"1157\">\u2705 Am\u00e9lioration de la maniabilit\u00e9 et de l'efficacit\u00e9 \u00e9nerg\u00e9tique<br data-start=\"1087\" data-end=\"1090\" \/>\u2705 Pr\u00e9vient l'usure pr\u00e9matur\u00e9e des pneus<br data-start=\"1120\" data-end=\"1123\" \/>\u2705 Assure une conduite plus douce et plus s\u00fbre<\/p>\n<p data-start=\"1159\" data-end=\"1200\">\ud83d\udd39 <strong data-start=\"1162\" data-end=\"1195\">Offre limit\u00e9e - Profitez-en vite !<\/strong> \ud83d\udd39<\/p>\n<p data-start=\"1254\" data-end=\"1299\" data-is-last-node=\"\" data-is-only-node=\"\">\ud83c\udf9f\ufe0f <strong data-start=\"1258\" data-end=\"1299\" data-is-last-node=\"\">Achetez maintenant et obtenez votre bon instantan\u00e9ment !<\/strong><\/p>","protected":false},"featured_media":7854,"comment_status":"closed","ping_status":"closed","template":"","meta":{"inline_featured_image":false,"_monsterinsights_skip_tracking":false,"_monsterinsights_sitenote_active":false,"_monsterinsights_sitenote_note":"","_monsterinsights_sitenote_category":0},"product_brand":[],"product_cat":[65],"product_tag":[],"class_list":{"0":"post-7853","1":"product","2":"type-product","3":"status-publish","4":"has-post-thumbnail","6":"product_cat-on-sale","8":"first","9":"instock","10":"downloadable","11":"virtual","12":"purchasable","13":"product-type-simple"},"_links":{"self":[{"href":"https:\/\/dumoulinpm.com\/fr\/wp-json\/wp\/v2\/product\/7853","targetHints":{"allow":["GET"]}}],"collection":[{"href":"https:\/\/dumoulinpm.com\/fr\/wp-json\/wp\/v2\/product"}],"about":[{"href":"https:\/\/dumoulinpm.com\/fr\/wp-json\/wp\/v2\/types\/product"}],"replies":[{"embeddable":true,"href":"https:\/\/dumoulinpm.com\/fr\/wp-json\/wp\/v2\/comments?post=7853"}],"wp:featuredmedia":[{"embeddable":true,"href":"https:\/\/dumoulinpm.com\/fr\/wp-json\/wp\/v2\/media\/7854"}],"wp:attachment":[{"href":"https:\/\/dumoulinpm.com\/fr\/wp-json\/wp\/v2\/media?parent=7853"}],"wp:term":[{"taxonomy":"product_brand","embeddable":true,"href":"https:\/\/dumoulinpm.com\/fr\/wp-json\/wp\/v2\/product_brand?post=7853"},{"taxonomy":"product_cat","embeddable":true,"href":"https:\/\/dumoulinpm.com\/fr\/wp-json\/wp\/v2\/product_cat?post=7853"},{"taxonomy":"product_tag","embeddable":true,"href":"https:\/\/dumoulinpm.com\/fr\/wp-json\/wp\/v2\/product_tag?post=7853"}],"curies":[{"name":"wp","href":"https:\/\/api.w.org\/{rel}","templated":true}]}}